{"id":64,"date":"2020-08-16T07:54:01","date_gmt":"2020-08-16T07:54:01","guid":{"rendered":"https:\/\/lathatatlanfogszabalyzo.hu\/new_site\/?page_id=64"},"modified":"2022-10-12T10:25:00","modified_gmt":"2022-10-12T10:25:00","slug":"rolunk-irtak","status":"publish","type":"page","link":"https:\/\/lathatatlanfogszabalyzo.hu\/new_site\/rolunk-irtak\/","title":{"rendered":"R\u00f3lunk \u00edrt\u00e1k"},"content":{"rendered":"\n<blockquote class=\"wp-block-quote is-layout-flow wp-block-quote-is-layout-flow\"><p>Maradjon meg ez a sz\u00ednvonal.<\/p><\/blockquote>\n\n\n\n<blockquote class=\"wp-block-quote is-layout-flow wp-block-quote-is-layout-flow\"><p>J\u00f3l k\u00f6rbe n\u00e9ztem a k\u00f6rny\u00e9ken \u00e9s \u00f6r\u00fcl\u00f6k, hogy a fogszab\u00e1lyoz\u00e1som<br>Dr. V\u00f6lgyi Vir\u00e1gra b\u00edztam, nagyon kedves \u00e9s hozz\u00e1\u00e9rt\u0151, id\u0151pontokban is rugalmasak \u00e9s \u00e1rban is szerintem az egyik legjobbak.<\/p><\/blockquote>\n\n\n\n<blockquote class=\"wp-block-quote is-layout-flow wp-block-quote-is-layout-flow\"><p>Nagyon kedves, ember k\u00f6zpont\u00fa az ell\u00e1t\u00e1s. Mindenk\u00e9pp aj\u00e1nlani tudom.<\/p><\/blockquote>\n\n\n\n<blockquote class=\"wp-block-quote is-layout-flow wp-block-quote-is-layout-flow\"><p>Maxim\u00e1lisan el\u00e9gedettek vagyunk . Csak \u00edgy tov\u00e1bb!<\/p><\/blockquote>\n\n\n\n<blockquote class=\"wp-block-quote is-layout-flow wp-block-quote-is-layout-flow\"><p>Miel\u0151tt belev\u00e1gtam a fogszab\u00e1lyz\u00e1s hossz\u00fa \u00e9s k\u00f6r\u00fclm\u00e9nyes proced\u00far\u00e1j\u00e1ba,sz\u00e1mos budapesti szakorvosn\u00e1l j\u00e1rtam. V\u00e9g\u00fcl Tat\u00e1n k\u00f6t\u00f6ttem ki. Az utaz\u00e1s gyors \u00e9s z\u00f6kken\u0151mentes, \u00e9s ami f\u0151,mentes minden szorong\u00e1st\u00f3l,amit egy fog\u00e1szat,egy kezel\u00e9s gondolata tud kiv\u00e1ltani az emberb\u0151l.A rendel\u0151 igaz\u00e1n eur\u00f3pai sz\u00ednvonal\u00fa,csendes \u00e9s meghitt,a kezel\u00e9sek j\u00f3 hangulatban telnek,biztons\u00e1gban \u00e9rzem magam,mert tudom,hogy a legjobb helyen vagyok. A BelleDent kis csapata rugalmas \u00e9s alkalmazkod\u00f3,id\u0151beoszt\u00e1shoz,hangulathoz, \u00e9s szem\u00e9lyis\u00e9ghez egyar\u00e1nt.A szolg\u00e1ltat\u00e1s teh\u00e1t igaz\u00e1n exkluz\u00edv,a v\u00e9geredm\u00e9ny meg mag\u00e1\u00e9rt besz\u00e9l,\u00e9rdemes kimosolyogni a vil\u00e1gba.<\/p><cite>Erd\u00e9lyi Timea<br><\/cite><\/blockquote>\n","protected":false},"excerpt":{"rendered":"<p>Maradjon meg ez a sz\u00ednvonal. J\u00f3l k\u00f6rbe n\u00e9ztem a k\u00f6rny\u00e9ken \u00e9s \u00f6r\u00fcl\u00f6k, hogy a fogszab\u00e1lyoz\u00e1somDr. V\u00f6lgyi Vir\u00e1gra b\u00edztam, nagyon kedves \u00e9s hozz\u00e1\u00e9rt\u0151, id\u0151pontokban is rugalmasak \u00e9s \u00e1rban is szerintem az egyik legjobbak. Nagyon kedves, ember k\u00f6zpont\u00fa az ell\u00e1t\u00e1s. Mindenk\u00e9pp aj\u00e1nlani tudom. Maxim\u00e1lisan el\u00e9gedettek vagyunk . Csak \u00edgy tov\u00e1bb! Miel\u0151tt belev\u00e1gtam a fogszab\u00e1lyz\u00e1s hossz\u00fa \u00e9s k\u00f6r\u00fclm\u00e9nyes<span class=\"post-excerpt-end\">&hellip;<\/span><\/p>\n<p class=\"more-link\"><a href=\"https:\/\/lathatatlanfogszabalyzo.hu\/new_site\/rolunk-irtak\/\" class=\"themebutton\">Read More<\/a><\/p>\n","protected":false},"author":1,"featured_media":0,"parent":0,"menu_order":0,"comment_status":"closed","ping_status":"closed","template":"","meta":{"pagelayer_contact_templates":[],"_pagelayer_content":"","footnotes":""},"class_list":["post-64","page","type-page","status-publish","hentry"],"_links":{"self":[{"href":"https:\/\/lathatatlanfogszabalyzo.hu\/new_site\/wp-json\/wp\/v2\/pages\/64","targetHints":{"allow":["GET"]}}],"collection":[{"href":"https:\/\/lathatatlanfogszabalyzo.hu\/new_site\/wp-json\/wp\/v2\/pages"}],"about":[{"href":"https:\/\/lathatatlanfogszabalyzo.hu\/new_site\/wp-json\/wp\/v2\/types\/page"}],"author":[{"embeddable":true,"href":"https:\/\/lathatatlanfogszabalyzo.hu\/new_site\/wp-json\/wp\/v2\/users\/1"}],"replies":[{"embeddable":true,"href":"https:\/\/lathatatlanfogszabalyzo.hu\/new_site\/wp-json\/wp\/v2\/comments?post=64"}],"version-history":[{"count":5,"href":"https:\/\/lathatatlanfogszabalyzo.hu\/new_site\/wp-json\/wp\/v2\/pages\/64\/revisions"}],"predecessor-version":[{"id":504,"href":"https:\/\/lathatatlanfogszabalyzo.hu\/new_site\/wp-json\/wp\/v2\/pages\/64\/revisions\/504"}],"wp:attachment":[{"href":"https:\/\/lathatatlanfogszabalyzo.hu\/new_site\/wp-json\/wp\/v2\/media?parent=64"}],"curies":[{"name":"wp","href":"https:\/\/api.w.org\/{rel}","templated":true}]}}