{"id":51,"date":"2020-08-16T07:41:22","date_gmt":"2020-08-16T07:41:22","guid":{"rendered":"https:\/\/lathatatlanfogszabalyzo.hu\/new_site\/?page_id=51"},"modified":"2026-04-04T14:39:00","modified_gmt":"2026-04-04T14:39:00","slug":"lathatatlan-fogszabalyzo","status":"publish","type":"page","link":"https:\/\/lathatatlanfogszabalyzo.hu\/new_site\/","title":{"rendered":""},"content":{"rendered":"\n<h2 class=\"wp-block-heading has-text-align-center\"><\/h2>\n\n\n\n<div class=\"wp-block-media-text alignwide is-stacked-on-mobile\" style=\"grid-template-columns:35% auto\"><figure class=\"wp-block-media-text__media\"><img loading=\"lazy\" decoding=\"async\" width=\"500\" height=\"500\" src=\"https:\/\/lathatatlanfogszabalyzo.hu\/new_site\/wp-content\/uploads\/2021\/03\/Fogorvos-log\u00f3-1.png\" alt=\"\" class=\"wp-image-170 size-full\" srcset=\"https:\/\/lathatatlanfogszabalyzo.hu\/new_site\/wp-content\/uploads\/2021\/03\/Fogorvos-log\u00f3-1.png 500w, https:\/\/lathatatlanfogszabalyzo.hu\/new_site\/wp-content\/uploads\/2021\/03\/Fogorvos-log\u00f3-1-300x300.png 300w, https:\/\/lathatatlanfogszabalyzo.hu\/new_site\/wp-content\/uploads\/2021\/03\/Fogorvos-log\u00f3-1-150x150.png 150w\" sizes=\"auto, (max-width: 500px) 100vw, 500px\" \/><\/figure><div class=\"wp-block-media-text__content\">\n<h2 class=\"wp-block-heading\"><strong>A Val\u00f3di L\u00e1thatatlan Fogszab\u00e1lyz\u00f3<\/strong><\/h2>\n<\/div><\/div>\n\n\n\n<p><strong>Oldal tartalma:<\/strong><\/p>\n\n\n\n<ul class=\"wp-block-list\">\n<li>Hogyan m\u0171k\u00f6dik a val\u00f3di l\u00e1thatatlan fogszab\u00e1lyz\u00e1s?<\/li>\n\n\n\n<li>Milyen hossz\u00fa a kezel\u00e9s? Mik a teend\u0151im az eszk\u00f6z karbantart\u00e1sa \u00e9rdek\u00e9ben?<\/li>\n\n\n\n<li>Kinek aj\u00e1nlott a val\u00f3di l\u00e1thatatlan fogszab\u00e1lyz\u00f3?<\/li>\n\n\n\n<li>L\u00e9tezik m\u00e1s t\u00edpus\u00fa eszt\u00e9tikus fogszab\u00e1lyz\u00f3?<\/li>\n\n\n\n<li>Mi\u00e9rt \u00e9rdemes minket v\u00e1lasztania?<\/li>\n\n\n\n<li>T\u00e1j\u00e9koztat\u00f3 a l\u00e1thatatlan fogszab\u00e1lyz\u00f3 kezel\u00e9s\u00e9nek l\u00e9p\u00e9seir\u0151l \u00e9s k\u00f6lts\u00e9geir\u0151l<\/li>\n<\/ul>\n\n\n\n<p><\/p>\n\n\n\n<h3 class=\"wp-block-heading has-text-align-center\"><em><strong>Napjaink egyik legkorszer\u0171bb fogszab\u00e1lyz\u00e1si technik\u00e1ja!<\/strong><\/em><\/h3>\n\n\n\n<p class=\"has-text-align-center has-vivid-red-color has-text-color\"><strong><span class=\"has-inline-color has-vivid-cyan-blue-color\">Ez a t\u00edpus\u00fa fogszab\u00e1lyz\u00f3 nemcsak hogy nem l\u00e1that\u00f3 a k\u00fclvil\u00e1g sz\u00e1m\u00e1ra, de a hagyom\u00e1nyoshoz k\u00e9pest gyorsabban, kevesebb f\u00e1jdalommal \u00e9ri el ugyanazt az eredm\u00e9nyt.<\/span><\/strong><\/p>\n\n\n\n<p><\/p>\n\n\n\n<h2 class=\"wp-block-heading has-text-align-center\"><em>Hogyan m\u0171k\u00f6dik a val\u00f3di l\u00e1thatatlan fogszab\u00e1lyz\u00e1s?<\/em><\/h2>\n\n\n\n<p class=\"has-text-align-center\">T\u00f6bb fajta eszt\u00e9tikus fogszab\u00e1lyz\u00f3 l\u00e9tezik, \u00e1m val\u00f3j\u00e1ban nem mindegyik teljesen l\u00e1thatatlan! Az \u00e1ltalunk alkalmazott, <span class=\"has-inline-color has-vivid-cyan-blue-color\"><strong>val\u00f3di l\u00e1thatatlan fogszab\u00e1lyz\u00f3<\/strong>  <strong>a fogak nyelv fel\u0151li oldal\u00e1ra r\u00f6gz\u00edtett fix k\u00e9sz\u00fcl\u00e9k, mely a nap 24 \u00f3r\u00e1j\u00e1ban fejti ki hat\u00e1s\u00e1<\/strong><\/span><strong><span class=\"has-inline-color has-vivid-cyan-blue-color\">t,<\/span><\/strong> ez\u00e9rt hat\u00e9konyabb, mint a s\u00ednes fogszab\u00e1lyz\u00f3. <span class=\"has-inline-color has-very-dark-gray-color\">\u00cdgy csup\u00e1n<\/span> visel\u0151je l\u00e1thatja fogai elhelyezked\u00e9s\u00e9nek folyamatos v\u00e1ltoz\u00e1s\u00e1t &#8211; a k\u00e9sz\u00fcl\u00e9k maga k\u00edv\u00fclr\u0151l &#8222;l\u00e1thatatlan&#8221;. <\/p>\n\n\n\n<figure class=\"wp-block-image size-shuttle-column2-1\/2 is-resized\"><img loading=\"lazy\" decoding=\"async\" width=\"570\" height=\"285\" src=\"https:\/\/lathatatlanfogszabalyzo.hu\/new_site\/wp-content\/uploads\/2021\/04\/1.2-570x285.jpg\" alt=\"\" class=\"wp-image-229\" style=\"width:840px;height:auto\"\/><figcaption class=\"wp-element-caption\">Bel\u00fclre r\u00f6gz\u00edtette (l\u00e1thatatlan) fogszab\u00e1lyz\u00f3 k\u00e9sz\u00fcl\u00e9k<\/figcaption><\/figure>\n\n\n\n<p>A felr\u00f6gz\u00edtett fogszab\u00e1lyz\u00f3 eszk\u00f6z<span class=\"has-inline-color has-vivid-cyan-blue-color\"> <strong>f\u00e9mb\u0151l k\u00e9sz\u00fcl,&nbsp; kisebb, mint a hagyom\u00e1nyos k\u00fcls\u0151 fogszab\u00e1lyoz\u00f3, a komfort\u00e9rzet jav\u00edt\u00e1sa &nbsp;c\u00e9lj\u00e1b\u00f3l.<\/strong><\/span><\/p>\n\n\n\n<p><\/p>\n\n\n\n<h2 class=\"wp-block-heading has-text-align-center\"><em>Milyen hossz\u00fa a kezel\u00e9s ? Mik a teend\u0151im az eszk\u00f6z karbantart\u00e1sa \u00e9rdek\u00e9ben?<\/em><\/h2>\n\n\n\n<p class=\"has-text-align-center\"><strong><span class=\"has-inline-color has-vivid-cyan-blue-color\">A kezel\u00e9s id\u0151tartama 2 h\u00f3napt\u00f3l 1,5 \u00e9vig terjedhet<\/span> &#8211; <\/strong>a szab\u00e1lytalans\u00e1g s\u00falyoss\u00e1g\u00e1t\u00f3l f\u00fcgg\u0151en. Egy apr\u00f3 korrekci\u00f3hoz elegend\u0151 p\u00e1r h\u00e9t, m\u00edg egy fogh\u00faz\u00e1st is ig\u00e9nyl\u0151, bonyolultabb eset megold\u00e1sa m\u00e1sf\u00e9l \u00e9vet is ig\u00e9nybe vehet. A kezel\u00e9si id\u0151t az is befoly\u00e1solja , hogy milyen gyakran tudjuk ut\u00e1n\u00e1ll\u00edtani (aktiv\u00e1lni) a k\u00e9sz\u00fcl\u00e9ket.<\/p>\n\n\n\n<p class=\"has-text-align-center\">A k\u00edv\u00e1nt eredm\u00e9ny el\u00e9r\u00e9se ut\u00e1n<strong> <\/strong>a fogakat hossz\u00fa id\u0151n kereszt\u00fcl r\u00f6gz\u00edteni kell, a fogak bels\u0151 felsz\u00edn\u00e9re &nbsp;ragasztott eszk\u00f6zzel (retainer). Ennek elmarad\u00e1sa a fogak visszamozdul\u00e1s\u00e1t eredm\u00e9nyezi! <\/p>\n\n\n\n<p class=\"has-text-align-center\">Mivel r\u00f6gz\u00edtett k\u00e9sz\u00fcl\u00e9k, \u00edgy <strong><span class=\"has-inline-color has-vivid-cyan-blue-color\">visel\u0151j\u00e9nek az els\u0151 p\u00e1r napos megszok\u00e1si id\u0151t lesz\u00e1m\u00edtva nincs vele teend\u0151je<\/span>,<\/strong> az ut\u00e1n\u00e1ll\u00edt\u00e1st az orvos v\u00e9gzi 6-8 hetente a rendel\u0151ben.<\/p>\n\n\n\n<p class=\"has-text-align-center\">A kezel\u00e9s teljes idej\u00e9r\u0151l \u00e9s a v\u00e1rhat\u00f3 k\u00f6lts\u00e9gekr\u0151l az els\u0151 vizsg\u00e1lat sor\u00e1n tudunk pontos t\u00e1j\u00e9koztat\u00e1st adni. <\/p>\n\n\n\n<p><\/p>\n\n\n\n<h2 class=\"wp-block-heading has-text-align-center\"><strong><em>Kinek aj\u00e1nlott a val\u00f3di l\u00e1thatatlan fogszab\u00e1lyz\u00f3?<\/em><\/strong><\/h2>\n\n\n\n<p class=\"has-text-align-center has-black-color has-text-color\">Azoknak <strong><span class=\"has-inline-color has-vivid-cyan-blue-color\">akik  nem szeretn\u00e9k, hogy a fogszab\u00e1lyoz\u00e1s sor\u00e1n a k\u00e9sz\u00fcl\u00e9k a k\u00fclvil\u00e1g sz\u00e1m\u00e1ra is l\u00e1that\u00f3 legyen<\/span><\/strong>. Kev\u00e9s kiv\u00e9telt\u0151l eltekintve \u00e9letkort\u00f3l f\u00fcggetlen\u00fcl alkalmazhat\u00f3 technika.<\/p>\n\n\n\n<p class=\"has-text-align-center\"><\/p>\n\n\n\n<h3 class=\"wp-block-heading has-text-align-center\"><em>L\u00e9tezik m\u00e1s t\u00edpus\u00fa eszt\u00e9tikus fogszab\u00e1lyz\u00f3?<\/em><\/h3>\n\n\n\n<p>K\u00e9t m\u00e1sik fajta eszt\u00e9tikus fogszab\u00e1lyoz\u00e1si technika l\u00e9tezik napjainkban:<\/p>\n\n\n\n<p>A fogak <strong>k\u00fcls\u0151 felsz\u00edn\u00e9re r\u00f6gz\u00edtett<\/strong> <strong>feh\u00e9r sz\u00edn\u0171 ( ker\u00e1mia) \u00e1lland\u00f3 fogszab\u00e1lyz\u00f3<\/strong>:<\/p>\n\n\n\n<p>Ker\u00e1mia &#8222;tappancsok&#8221; feh\u00e9r sz\u00edn\u0171 \u00edvekkel kev\u00e9sb\u00e9 l\u00e1that\u00f3, mint a f\u00e9msz\u00edn\u0171 k\u00e9sz\u00fcl\u00e9k, a kezel\u00e9s bizonyos f\u00e1zisaiban azonban sor ker\u00fclhet f\u00e9msz\u00edn\u0171 alkatr\u00e9szek haszn\u00e1lat\u00e1ra, az \u00e9telek, doh\u00e1nyz\u00e1s a k\u00e9sz\u00fcl\u00e9k bizonyos r\u00e9szeit elsz\u00ednezhetik.<\/p>\n\n\n<div class=\"wp-block-image is-resized\">\n<figure class=\"aligncenter size-shuttle-column2-1\/2\"><img loading=\"lazy\" decoding=\"async\" width=\"570\" height=\"285\" src=\"https:\/\/lathatatlanfogszabalyzo.hu\/new_site\/wp-content\/uploads\/2021\/05\/porcelan-fogszabalyzo-570x285.jpg\" alt=\"\" class=\"wp-image-366\"\/><figcaption class=\"wp-element-caption\">Hagyom\u00e1nyos feh\u00e9r sz\u00edn\u0171 \u00e9s f\u00e9msz\u00edn\u0171 r\u00f6gz\u00edtett fogszab\u00e1lyz\u00f3<\/figcaption><\/figure>\n<\/div>\n\n\n<p>A fogakra <strong>nem r\u00f6gz\u00edtett \u2013 \u00e1tl\u00e1tsz\u00f3 s\u00ednes &#8211; fogszab\u00e1lyz\u00f3<\/strong>: b\u00e1r val\u00f3ban kev\u00e9sb\u00e9 l\u00e1that\u00f3 a k\u00fclvil\u00e1g sz\u00e1m\u00e1ra mint a hagyom\u00e1nyos , a fogak k\u00fcls\u0151 felsz\u00edn\u00e9re r\u00f6gz\u00edtett f\u00e9m- vagy ker\u00e1mia fogszab\u00e1lyoz\u00f3 k\u00e9sz\u00fcl\u00e9kek, \u00e1m nem mindig viselhetj\u00fck azt, mert ev\u00e9sn\u00e9l \u00e9s a fogak tiszt\u00edt\u00e1s\u00e1n\u00e1l az eszk\u00f6zt el kell t\u00e1vol\u00edtani. Ezeket a s\u00edneket napi 22 \u00f3r\u00e1n kereszt\u00fcl sz\u00fcks\u00e9ges viselni, hogy m\u0171k\u00f6djenek. El\u0151nye, hogy  a kezel\u00e9s f\u00e1zisai demonstr\u00e1lhat\u00f3ak a p\u00e1ciens sz\u00e1m\u00e1ra egy virtu\u00e1lis grafikus kezel\u00e9si  filmben, mely egy\u00fattal a laborat\u00f3riumi f\u00e1zisokat mutatja be. Nem minden kezel\u00e9s oldhat\u00f3 meg vele, de kezel\u00e9si tervezet k\u00e9sz\u00fcl, mellyel bemutathat\u00f3 a v\u00e1ltoz\u00e1s a fogak elhelyezked\u00e9s\u00e9ben,  melyet a p\u00e1ciens megn\u00e9zhet , a terv elfogad\u00e1s\u00e1val pedig kezd\u0151dik a s\u00ednek gy\u00e1rt\u00e1sa.<\/p>\n\n\n<div class=\"wp-block-image is-resized\">\n<figure class=\"aligncenter size-shuttle-column2-1\/2\"><img loading=\"lazy\" decoding=\"async\" width=\"570\" height=\"285\" src=\"https:\/\/lathatatlanfogszabalyzo.hu\/new_site\/wp-content\/uploads\/2021\/05\/diana-polekhina-fmB7IdFjhTM-unsplash-570x285.jpg\" alt=\"\" class=\"wp-image-321\"\/><figcaption class=\"wp-element-caption\">\u00c1tl\u00e1tsz\u00f3 s\u00ednes fogszab\u00e1lyz\u00f3<\/figcaption><\/figure>\n<\/div>\n\n\n<h2 class=\"wp-block-heading has-text-align-center\"><strong><em>Mi\u00e9rt \u00e9rdemes minket v\u00e1lasztania?<\/em><\/strong><\/h2>\n\n\n\n<p class=\"has-text-align-center\">A bels\u0151 \u00edves (l\u00e1thatatlan) fogszab\u00e1lyz\u00f3k alkalmaz\u00e1sa speci\u00e1lis tud\u00e1st \u00e9s tapasztalatot ig\u00e9nyel.<strong><span class=\"has-inline-color has-vivid-cyan-blue-color\"> 20 \u00e9vvel ezel\u0151tt kezdtem alkalmazni ezt a fogszab\u00e1lyz\u00f3 technik\u00e1t, \u00edgy Magyarorsz\u00e1gon \u00e9n v\u00e9geztem a legt\u00f6bb, a fogak bels\u0151 felsz\u00edn\u00e9re ragasztott (l\u00e1thatatlan) \u00e1lland\u00f3 fogszab\u00e1lyz\u00f3s kezel\u00e9st.<\/span><\/strong><\/p>\n\n\n\n<p class=\"has-text-align-center\">B\u00edzom benne, hogy felkeltett\u00fck \u00e9rdekl\u0151d\u00e9s\u00e9t \u00e9s hamarosan \u00d6nnel is szem\u00e9lyesen&nbsp; tal\u00e1lkozhatunk!<\/p>\n\n\n\n<h2 class=\"wp-block-heading has-text-align-center\"><em>T\u00e1j\u00e9koztat\u00f3 a l\u00e1thatatlan fogszab\u00e1lyz\u00f3 kezel\u00e9s\u00e9nek l\u00e9p\u00e9seir\u0151l \u00e9s k\u00f6lts\u00e9geir\u0151l<\/em><\/h2>\n\n\n\n<p>A l\u00e1thatatlan fogszab\u00e1lyz\u00f3 kezel\u00e9s l\u00e9p\u00e9sei:<\/p>\n\n\n\n<ol class=\"wp-block-list\">\n<li><strong>Els\u0151<\/strong> <strong>konzult\u00e1ci\u00f3 <\/strong>(ingyenes)<\/li>\n\n\n\n<li><strong>M\u00e1sodik konzult\u00e1ci\u00f3<\/strong>:  lenyomatv\u00e9tel \u00e9s dokument\u00e1ci\u00f3 (45.000 Ft)<\/li>\n\n\n\n<li><strong>Harmadik konzult\u00e1ci\u00f3<\/strong>: Kezel\u00e9si terv megbesz\u00e9l\u00e9se, elfogad\u00e1sa,   ( 35 000 Ft ) dokument\u00e1ci\u00f3, ekkor sz\u00fcks\u00e9ges a k\u00e9sz\u00fcl\u00e9ket leel\u0151legezni 100 000 Ft fizet\u00e9s\u00e9vel.<\/li>\n\n\n\n<li>a fogszab\u00e1lyz\u00f3 beragaszt\u00e1sa  a k\u00e9sz\u00fcl\u00e9k \u00e1r\u00e1nak teljes kifizet\u00e9s\u00e9vel ( 450 000 Ft )<\/li>\n\n\n\n<li><strong>Ellen\u0151rz\u00e9sek<\/strong>: a k\u00e9sz\u00fcl\u00e9k ut\u00e1n\u00e1ll\u00edt\u00e1sa k\u00f6r\u00fclbel\u00fcl 6-8 hetente (30.000 Ft alkalmank\u00e9nt)<\/li>\n\n\n\n<li><strong>A kezel\u00e9s befejez\u00e9se<\/strong>: az el\u00e9rt \u00e1llapot r\u00f6gz\u00edt\u00e9se (90.000 Ft)<\/li>\n\n\n\n<li>Ha az \u00e9ves ellen\u0151rz\u00e9sn\u00e9l  sz\u00fcks\u00e9ges a r\u00f6gz\u00edt\u0151k\u00e9sz\u00fcl\u00e9k jav\u00edt\u00e1sa   (25.000 Ft)<\/li>\n<\/ol>\n\n\n\n<p>A kezel\u00e9s id\u0151tartama p\u00e1r h\u00f3napt\u00f3l 1,5 \u00e9vig terjedhet <strong>&#8211; <\/strong>a szab\u00e1lytalans\u00e1g s\u00falyoss\u00e1g\u00e1t\u00f3l f\u00fcgg\u0151en.<\/p>\n\n\n\n<p><\/p>\n\n\n\n<p><\/p>\n\n\n\n<h2 class=\"wp-block-heading\"><\/h2>\n\n\n\n<p>Dr. V\u00f6lgyi Vir\u00e1g Gabriella<\/p>\n\n\n\n<p>Fogszab\u00e1lyz\u00f3 szakorvos<\/p>\n\n\n\n<figure class=\"wp-block-image size-large is-resized\"><img loading=\"lazy\" decoding=\"async\" width=\"450\" height=\"168\" src=\"https:\/\/lathatatlanfogszabalyzo.hu\/new_site\/wp-content\/uploads\/2020\/08\/AAO-logo-member-s.jpg\" alt=\"\" class=\"wp-image-52\" style=\"width:225px;height:84px\" srcset=\"https:\/\/lathatatlanfogszabalyzo.hu\/new_site\/wp-content\/uploads\/2020\/08\/AAO-logo-member-s.jpg 450w, https:\/\/lathatatlanfogszabalyzo.hu\/new_site\/wp-content\/uploads\/2020\/08\/AAO-logo-member-s-300x112.jpg 300w, https:\/\/lathatatlanfogszabalyzo.hu\/new_site\/wp-content\/uploads\/2020\/08\/AAO-logo-member-s-230x86.jpg 230w\" sizes=\"auto, (max-width: 450px) 100vw, 450px\" \/><\/figure>\n\n\n\n<p><a href=\"mailto:belsofogszabalyzo@gmail.com\">volgyivirag19@gmail.com<\/a><\/p>\n\n\n\n<p>+36-20\/972-4116<\/p>\n\n\n\n<p>Keressenek minket&nbsp;<a href=\"https:\/\/www.facebook.com\/lfogszabalyzo\">facebookon<\/a><\/p>\n","protected":false},"excerpt":{"rendered":"<p>A Val\u00f3di L\u00e1thatatlan Fogszab\u00e1lyz\u00f3 Oldal tartalma: Napjaink egyik legkorszer\u0171bb fogszab\u00e1lyz\u00e1si technik\u00e1ja! Ez a t\u00edpus\u00fa fogszab\u00e1lyz\u00f3 nemcsak hogy nem l\u00e1that\u00f3 a k\u00fclvil\u00e1g sz\u00e1m\u00e1ra, de a hagyom\u00e1nyoshoz k\u00e9pest gyorsabban, kevesebb f\u00e1jdalommal \u00e9ri el ugyanazt az eredm\u00e9nyt. Hogyan m\u0171k\u00f6dik a val\u00f3di l\u00e1thatatlan fogszab\u00e1lyz\u00e1s? T\u00f6bb fajta eszt\u00e9tikus fogszab\u00e1lyz\u00f3 l\u00e9tezik, \u00e1m val\u00f3j\u00e1ban nem mindegyik teljesen l\u00e1thatatlan! Az \u00e1ltalunk alkalmazott, val\u00f3di<span class=\"post-excerpt-end\">&hellip;<\/span><\/p>\n<p class=\"more-link\"><a href=\"https:\/\/lathatatlanfogszabalyzo.hu\/new_site\/\" class=\"themebutton\">Read More<\/a><\/p>\n","protected":false},"author":1,"featured_media":0,"parent":0,"menu_order":0,"comment_status":"closed","ping_status":"closed","template":"","meta":{"pagelayer_contact_templates":[],"_pagelayer_content":"","footnotes":""},"class_list":["post-51","page","type-page","status-publish","hentry"],"_links":{"self":[{"href":"https:\/\/lathatatlanfogszabalyzo.hu\/new_site\/wp-json\/wp\/v2\/pages\/51","targetHints":{"allow":["GET"]}}],"collection":[{"href":"https:\/\/lathatatlanfogszabalyzo.hu\/new_site\/wp-json\/wp\/v2\/pages"}],"about":[{"href":"https:\/\/lathatatlanfogszabalyzo.hu\/new_site\/wp-json\/wp\/v2\/types\/page"}],"author":[{"embeddable":true,"href":"https:\/\/lathatatlanfogszabalyzo.hu\/new_site\/wp-json\/wp\/v2\/users\/1"}],"replies":[{"embeddable":true,"href":"https:\/\/lathatatlanfogszabalyzo.hu\/new_site\/wp-json\/wp\/v2\/comments?post=51"}],"version-history":[{"count":51,"href":"https:\/\/lathatatlanfogszabalyzo.hu\/new_site\/wp-json\/wp\/v2\/pages\/51\/revisions"}],"predecessor-version":[{"id":585,"href":"https:\/\/lathatatlanfogszabalyzo.hu\/new_site\/wp-json\/wp\/v2\/pages\/51\/revisions\/585"}],"wp:attachment":[{"href":"https:\/\/lathatatlanfogszabalyzo.hu\/new_site\/wp-json\/wp\/v2\/media?parent=51"}],"curies":[{"name":"wp","href":"https:\/\/api.w.org\/{rel}","templated":true}]}}