{"id":40,"date":"2020-06-26T21:03:51","date_gmt":"2020-06-26T21:03:51","guid":{"rendered":"https:\/\/lathatatlanfogszabalyzo.hu\/new_site\/?page_id=40"},"modified":"2023-01-08T12:28:01","modified_gmt":"2023-01-08T12:28:01","slug":"galeria","status":"publish","type":"page","link":"https:\/\/lathatatlanfogszabalyzo.hu\/new_site\/galeria\/","title":{"rendered":"Gal\u00e9ria"},"content":{"rendered":"<div class=\"wp-block-image\">\n<figure class=\"aligncenter size-full is-resized\"><img loading=\"lazy\" decoding=\"async\" src=\"https:\/\/lathatatlanfogszabalyzo.hu\/new_site\/wp-content\/uploads\/2022\/10\/2_honapos_kezeles.png\" alt=\"\" class=\"wp-image-473\" width=\"526\" height=\"467\" srcset=\"https:\/\/lathatatlanfogszabalyzo.hu\/new_site\/wp-content\/uploads\/2022\/10\/2_honapos_kezeles.png 2103w, https:\/\/lathatatlanfogszabalyzo.hu\/new_site\/wp-content\/uploads\/2022\/10\/2_honapos_kezeles-300x266.png 300w, https:\/\/lathatatlanfogszabalyzo.hu\/new_site\/wp-content\/uploads\/2022\/10\/2_honapos_kezeles-1024x909.png 1024w, https:\/\/lathatatlanfogszabalyzo.hu\/new_site\/wp-content\/uploads\/2022\/10\/2_honapos_kezeles-768x681.png 768w, https:\/\/lathatatlanfogszabalyzo.hu\/new_site\/wp-content\/uploads\/2022\/10\/2_honapos_kezeles-1536x1363.png 1536w, https:\/\/lathatatlanfogszabalyzo.hu\/new_site\/wp-content\/uploads\/2022\/10\/2_honapos_kezeles-2048x1817.png 2048w, https:\/\/lathatatlanfogszabalyzo.hu\/new_site\/wp-content\/uploads\/2022\/10\/2_honapos_kezeles-14x12.png 14w\" sizes=\"auto, (max-width: 526px) 100vw, 526px\" \/><\/figure>\n<\/div>\n\n\n<p class=\"has-text-align-center\">2 h\u00f3napos kezel\u00e9s eredm\u00e9nye<\/p>\n\n\n\n<p><\/p>\n\n\n<div class=\"wp-block-image\">\n<figure class=\"aligncenter size-full is-resized\"><img loading=\"lazy\" decoding=\"async\" src=\"https:\/\/lathatatlanfogszabalyzo.hu\/new_site\/wp-content\/uploads\/2022\/10\/2_honapos_kezeles_2-1.png\" alt=\"\" class=\"wp-image-479\" width=\"599\" height=\"657\" srcset=\"https:\/\/lathatatlanfogszabalyzo.hu\/new_site\/wp-content\/uploads\/2022\/10\/2_honapos_kezeles_2-1.png 2395w, https:\/\/lathatatlanfogszabalyzo.hu\/new_site\/wp-content\/uploads\/2022\/10\/2_honapos_kezeles_2-1-273x300.png 273w, https:\/\/lathatatlanfogszabalyzo.hu\/new_site\/wp-content\/uploads\/2022\/10\/2_honapos_kezeles_2-1-933x1024.png 933w, https:\/\/lathatatlanfogszabalyzo.hu\/new_site\/wp-content\/uploads\/2022\/10\/2_honapos_kezeles_2-1-768x843.png 768w, https:\/\/lathatatlanfogszabalyzo.hu\/new_site\/wp-content\/uploads\/2022\/10\/2_honapos_kezeles_2-1-1399x1536.png 1399w, https:\/\/lathatatlanfogszabalyzo.hu\/new_site\/wp-content\/uploads\/2022\/10\/2_honapos_kezeles_2-1-1866x2048.png 1866w, https:\/\/lathatatlanfogszabalyzo.hu\/new_site\/wp-content\/uploads\/2022\/10\/2_honapos_kezeles_2-1-11x12.png 11w\" sizes=\"auto, (max-width: 599px) 100vw, 599px\" \/><\/figure>\n<\/div>\n\n\n<p class=\"has-text-align-center\">2 h\u00f3napos kezel\u00e9s eredm\u00e9nye<\/p>\n\n\n\n<p><\/p>\n\n\n<div class=\"wp-block-image\">\n<figure class=\"aligncenter size-full is-resized\"><img loading=\"lazy\" decoding=\"async\" src=\"https:\/\/lathatatlanfogszabalyzo.hu\/new_site\/wp-content\/uploads\/2022\/10\/6_honapos_kezeles.png\" alt=\"\" class=\"wp-image-481\" width=\"471\" height=\"668\" srcset=\"https:\/\/lathatatlanfogszabalyzo.hu\/new_site\/wp-content\/uploads\/2022\/10\/6_honapos_kezeles.png 1883w, https:\/\/lathatatlanfogszabalyzo.hu\/new_site\/wp-content\/uploads\/2022\/10\/6_honapos_kezeles-211x300.png 211w, https:\/\/lathatatlanfogszabalyzo.hu\/new_site\/wp-content\/uploads\/2022\/10\/6_honapos_kezeles-722x1024.png 722w, https:\/\/lathatatlanfogszabalyzo.hu\/new_site\/wp-content\/uploads\/2022\/10\/6_honapos_kezeles-768x1090.png 768w, https:\/\/lathatatlanfogszabalyzo.hu\/new_site\/wp-content\/uploads\/2022\/10\/6_honapos_kezeles-1082x1536.png 1082w, https:\/\/lathatatlanfogszabalyzo.hu\/new_site\/wp-content\/uploads\/2022\/10\/6_honapos_kezeles-1443x2048.png 1443w, https:\/\/lathatatlanfogszabalyzo.hu\/new_site\/wp-content\/uploads\/2022\/10\/6_honapos_kezeles-8x12.png 8w\" sizes=\"auto, (max-width: 471px) 100vw, 471px\" \/><\/figure>\n<\/div>\n\n\n<p class=\"has-text-align-center\">6 h\u00f3naposkezel\u00e9s eredm\u00e9nye<\/p>\n\n\n\n<p><\/p>\n\n\n<div class=\"wp-block-image\">\n<figure class=\"aligncenter size-full is-resized\"><img loading=\"lazy\" decoding=\"async\" src=\"https:\/\/lathatatlanfogszabalyzo.hu\/new_site\/wp-content\/uploads\/2022\/10\/9_honapos_kezeles.png\" alt=\"\" class=\"wp-image-490\" width=\"559\" height=\"462\" srcset=\"https:\/\/lathatatlanfogszabalyzo.hu\/new_site\/wp-content\/uploads\/2022\/10\/9_honapos_kezeles.png 2236w, https:\/\/lathatatlanfogszabalyzo.hu\/new_site\/wp-content\/uploads\/2022\/10\/9_honapos_kezeles-300x248.png 300w, https:\/\/lathatatlanfogszabalyzo.hu\/new_site\/wp-content\/uploads\/2022\/10\/9_honapos_kezeles-1024x846.png 1024w, https:\/\/lathatatlanfogszabalyzo.hu\/new_site\/wp-content\/uploads\/2022\/10\/9_honapos_kezeles-768x635.png 768w, https:\/\/lathatatlanfogszabalyzo.hu\/new_site\/wp-content\/uploads\/2022\/10\/9_honapos_kezeles-1536x1269.png 1536w, https:\/\/lathatatlanfogszabalyzo.hu\/new_site\/wp-content\/uploads\/2022\/10\/9_honapos_kezeles-2048x1693.png 2048w, https:\/\/lathatatlanfogszabalyzo.hu\/new_site\/wp-content\/uploads\/2022\/10\/9_honapos_kezeles-15x12.png 15w\" sizes=\"auto, (max-width: 559px) 100vw, 559px\" \/><\/figure>\n<\/div>\n\n\n<p class=\"has-text-align-center\">9 h\u00f3naposkezel\u00e9s eredm\u00e9nye<\/p>\n\n\n\n<p><\/p>\n\n\n<div class=\"wp-block-image\">\n<figure class=\"aligncenter size-full is-resized\"><img loading=\"lazy\" decoding=\"async\" src=\"https:\/\/lathatatlanfogszabalyzo.hu\/new_site\/wp-content\/uploads\/2022\/10\/19_honapos_kezeles.png\" alt=\"\" class=\"wp-image-491\" width=\"713\" height=\"306\" srcset=\"https:\/\/lathatatlanfogszabalyzo.hu\/new_site\/wp-content\/uploads\/2022\/10\/19_honapos_kezeles.png 2851w, https:\/\/lathatatlanfogszabalyzo.hu\/new_site\/wp-content\/uploads\/2022\/10\/19_honapos_kezeles-300x129.png 300w, https:\/\/lathatatlanfogszabalyzo.hu\/new_site\/wp-content\/uploads\/2022\/10\/19_honapos_kezeles-1024x440.png 1024w, https:\/\/lathatatlanfogszabalyzo.hu\/new_site\/wp-content\/uploads\/2022\/10\/19_honapos_kezeles-768x330.png 768w, https:\/\/lathatatlanfogszabalyzo.hu\/new_site\/wp-content\/uploads\/2022\/10\/19_honapos_kezeles-1536x660.png 1536w, https:\/\/lathatatlanfogszabalyzo.hu\/new_site\/wp-content\/uploads\/2022\/10\/19_honapos_kezeles-2048x880.png 2048w, https:\/\/lathatatlanfogszabalyzo.hu\/new_site\/wp-content\/uploads\/2022\/10\/19_honapos_kezeles-18x8.png 18w\" sizes=\"auto, (max-width: 713px) 100vw, 713px\" \/><\/figure>\n<\/div>\n\n\n<p class=\"has-text-align-center\">19 h\u00f3naposkezel\u00e9s eredm\u00e9nye<\/p>\n\n\n\n<p><\/p>\n\n\n<div class=\"wp-block-image\">\n<figure class=\"aligncenter size-full is-resized\"><img loading=\"lazy\" decoding=\"async\" src=\"https:\/\/lathatatlanfogszabalyzo.hu\/new_site\/wp-content\/uploads\/2022\/10\/19_honapos_kezeles_2.png\" alt=\"\" class=\"wp-image-493\" width=\"508\" height=\"518\" srcset=\"https:\/\/lathatatlanfogszabalyzo.hu\/new_site\/wp-content\/uploads\/2022\/10\/19_honapos_kezeles_2.png 2032w, https:\/\/lathatatlanfogszabalyzo.hu\/new_site\/wp-content\/uploads\/2022\/10\/19_honapos_kezeles_2-294x300.png 294w, https:\/\/lathatatlanfogszabalyzo.hu\/new_site\/wp-content\/uploads\/2022\/10\/19_honapos_kezeles_2-1005x1024.png 1005w, https:\/\/lathatatlanfogszabalyzo.hu\/new_site\/wp-content\/uploads\/2022\/10\/19_honapos_kezeles_2-768x783.png 768w, https:\/\/lathatatlanfogszabalyzo.hu\/new_site\/wp-content\/uploads\/2022\/10\/19_honapos_kezeles_2-1507x1536.png 1507w, https:\/\/lathatatlanfogszabalyzo.hu\/new_site\/wp-content\/uploads\/2022\/10\/19_honapos_kezeles_2-2009x2048.png 2009w, https:\/\/lathatatlanfogszabalyzo.hu\/new_site\/wp-content\/uploads\/2022\/10\/19_honapos_kezeles_2-12x12.png 12w\" sizes=\"auto, (max-width: 508px) 100vw, 508px\" \/><\/figure>\n<\/div>\n\n\n<p class=\"has-text-align-center\">19 h\u00f3naposkezel\u00e9s eredm\u00e9nye<\/p>\n\n\n<div class=\"wp-block-image\">\n<figure class=\"aligncenter size-large is-resized\"><img loading=\"lazy\" decoding=\"async\" src=\"https:\/\/lathatatlanfogszabalyzo.hu\/new_site\/wp-content\/uploads\/2023\/01\/1-honap-990x1024.png\" alt=\"\" class=\"wp-image-509\" width=\"474\" height=\"490\" srcset=\"https:\/\/lathatatlanfogszabalyzo.hu\/new_site\/wp-content\/uploads\/2023\/01\/1-honap-990x1024.png 990w, https:\/\/lathatatlanfogszabalyzo.hu\/new_site\/wp-content\/uploads\/2023\/01\/1-honap-290x300.png 290w, https:\/\/lathatatlanfogszabalyzo.hu\/new_site\/wp-content\/uploads\/2023\/01\/1-honap-768x794.png 768w, https:\/\/lathatatlanfogszabalyzo.hu\/new_site\/wp-content\/uploads\/2023\/01\/1-honap-12x12.png 12w, https:\/\/lathatatlanfogszabalyzo.hu\/new_site\/wp-content\/uploads\/2023\/01\/1-honap.png 995w\" sizes=\"auto, (max-width: 474px) 100vw, 474px\" \/><figcaption>1 h\u00f3napos kezel\u00e9s eredm\u00e9nye<\/figcaption><\/figure>\n<\/div>\n\n<div class=\"wp-block-image\">\n<figure class=\"aligncenter size-full is-resized\"><img loading=\"lazy\" decoding=\"async\" src=\"https:\/\/lathatatlanfogszabalyzo.hu\/new_site\/wp-content\/uploads\/2023\/01\/2honap.png\" alt=\"\" class=\"wp-image-510\" width=\"514\" height=\"310\" srcset=\"https:\/\/lathatatlanfogszabalyzo.hu\/new_site\/wp-content\/uploads\/2023\/01\/2honap.png 987w, https:\/\/lathatatlanfogszabalyzo.hu\/new_site\/wp-content\/uploads\/2023\/01\/2honap-300x181.png 300w, https:\/\/lathatatlanfogszabalyzo.hu\/new_site\/wp-content\/uploads\/2023\/01\/2honap-768x463.png 768w, https:\/\/lathatatlanfogszabalyzo.hu\/new_site\/wp-content\/uploads\/2023\/01\/2honap-18x12.png 18w\" sizes=\"auto, (max-width: 514px) 100vw, 514px\" \/><figcaption>2 h\u00f3napos kezel\u00e9s eredm\u00e9nye<\/figcaption><\/figure>\n<\/div>\n\n<div class=\"wp-block-image\">\n<figure class=\"aligncenter size-full is-resized\"><img loading=\"lazy\" decoding=\"async\" src=\"https:\/\/lathatatlanfogszabalyzo.hu\/new_site\/wp-content\/uploads\/2023\/01\/3-honap.png\" alt=\"\" class=\"wp-image-511\" width=\"550\" height=\"537\" srcset=\"https:\/\/lathatatlanfogszabalyzo.hu\/new_site\/wp-content\/uploads\/2023\/01\/3-honap.png 962w, https:\/\/lathatatlanfogszabalyzo.hu\/new_site\/wp-content\/uploads\/2023\/01\/3-honap-300x293.png 300w, https:\/\/lathatatlanfogszabalyzo.hu\/new_site\/wp-content\/uploads\/2023\/01\/3-honap-768x750.png 768w, https:\/\/lathatatlanfogszabalyzo.hu\/new_site\/wp-content\/uploads\/2023\/01\/3-honap-12x12.png 12w\" sizes=\"auto, (max-width: 550px) 100vw, 550px\" \/><figcaption>3 h\u00f3napos kezel\u00e9s eredm\u00e9nye<\/figcaption><\/figure>\n<\/div>\n\n<div class=\"wp-block-image\">\n<figure class=\"aligncenter size-large is-resized\"><img decoding=\"async\" src=\"https:\/\/lathatatlanfogszabalyzo.hu\/new_site\/wp-content\/uploads\/2023\/01\/5-honap-913x1024.png\" alt=\"\" class=\"wp-image-512\" width=\"-1017\" height=\"-1139\" srcset=\"https:\/\/lathatatlanfogszabalyzo.hu\/new_site\/wp-content\/uploads\/2023\/01\/5-honap-913x1024.png 913w, https:\/\/lathatatlanfogszabalyzo.hu\/new_site\/wp-content\/uploads\/2023\/01\/5-honap-267x300.png 267w, https:\/\/lathatatlanfogszabalyzo.hu\/new_site\/wp-content\/uploads\/2023\/01\/5-honap-768x862.png 768w, https:\/\/lathatatlanfogszabalyzo.hu\/new_site\/wp-content\/uploads\/2023\/01\/5-honap-11x12.png 11w, https:\/\/lathatatlanfogszabalyzo.hu\/new_site\/wp-content\/uploads\/2023\/01\/5-honap.png 959w\" sizes=\"(max-width: 913px) 100vw, 913px\" \/><figcaption>5 h\u00f3napos kezel\u00e9s eredm\u00e9nye<\/figcaption><\/figure>\n<\/div>\n\n","protected":false},"excerpt":{"rendered":"<p>2 h\u00f3napos kezel\u00e9s eredm\u00e9nye 2 h\u00f3napos kezel\u00e9s eredm\u00e9nye 6 h\u00f3naposkezel\u00e9s eredm\u00e9nye 9 h\u00f3naposkezel\u00e9s eredm\u00e9nye 19 h\u00f3naposkezel\u00e9s eredm\u00e9nye 19 h\u00f3naposkezel\u00e9s eredm\u00e9nye<\/p>\n","protected":false},"author":1,"featured_media":459,"parent":0,"menu_order":0,"comment_status":"closed","ping_status":"closed","template":"","meta":{"pagelayer_contact_templates":[],"_pagelayer_content":"","footnotes":""},"class_list":["post-40","page","type-page","status-publish","has-post-thumbnail","hentry"],"_links":{"self":[{"href":"https:\/\/lathatatlanfogszabalyzo.hu\/new_site\/wp-json\/wp\/v2\/pages\/40","targetHints":{"allow":["GET"]}}],"collection":[{"href":"https:\/\/lathatatlanfogszabalyzo.hu\/new_site\/wp-json\/wp\/v2\/pages"}],"about":[{"href":"https:\/\/lathatatlanfogszabalyzo.hu\/new_site\/wp-json\/wp\/v2\/types\/page"}],"author":[{"embeddable":true,"href":"https:\/\/lathatatlanfogszabalyzo.hu\/new_site\/wp-json\/wp\/v2\/users\/1"}],"replies":[{"embeddable":true,"href":"https:\/\/lathatatlanfogszabalyzo.hu\/new_site\/wp-json\/wp\/v2\/comments?post=40"}],"version-history":[{"count":64,"href":"https:\/\/lathatatlanfogszabalyzo.hu\/new_site\/wp-json\/wp\/v2\/pages\/40\/revisions"}],"predecessor-version":[{"id":526,"href":"https:\/\/lathatatlanfogszabalyzo.hu\/new_site\/wp-json\/wp\/v2\/pages\/40\/revisions\/526"}],"wp:featuredmedia":[{"embeddable":true,"href":"https:\/\/lathatatlanfogszabalyzo.hu\/new_site\/wp-json\/wp\/v2\/media\/459"}],"wp:attachment":[{"href":"https:\/\/lathatatlanfogszabalyzo.hu\/new_site\/wp-json\/wp\/v2\/media?parent=40"}],"curies":[{"name":"wp","href":"https:\/\/api.w.org\/{rel}","templated":true}]}}