{"id":64,"date":"2020-08-16T07:54:01","date_gmt":"2020-08-16T07:54:01","guid":{"rendered":"https:\/\/lathatatlanfogszabalyzo.hu\/new_site\/?page_id=64"},"modified":"2022-10-12T10:25:00","modified_gmt":"2022-10-12T10:25:00","slug":"rolunk-irtak","status":"publish","type":"page","link":"https:\/\/lathatatlanfogszabalyzo.hu\/new_site\/en\/rolunk-irtak\/","title":{"rendered":"Feedbacks"},"content":{"rendered":"<blockquote class=\"wp-block-quote is-layout-flow wp-block-quote-is-layout-flow\"><p>Keep this standard of quality.<\/p><\/blockquote>\n\n\n\n<blockquote class=\"wp-block-quote is-layout-flow wp-block-quote-is-layout-flow\"><p>I looked around the area and I'm glad that trusted my orthodontics treatment with<br>Dr. Vir\u00e1g V\u00f6lgyi, she is very kind and knowledgeable, they are flexible in terms of dates and in my opinion one of the best in terms of price.<\/p><\/blockquote>\n\n\n\n<blockquote class=\"wp-block-quote is-layout-flow wp-block-quote-is-layout-flow\"><p>The processes are very patient centric. I can definitely recommend it.<\/p><\/blockquote>\n\n\n\n<blockquote class=\"wp-block-quote is-layout-flow wp-block-quote-is-layout-flow\"><p>We are extremely satisfied. Keep it up!<\/p><\/blockquote>\n\n\n\n<blockquote class=\"wp-block-quote is-layout-flow wp-block-quote-is-layout-flow\"><p>Before I embarked on the long and complicated procedure of orthodontics, I visited many specialists in Budapest. Finally, I ended up at Tata. The journey is fast and smooth, and most importantly, free from all the anxiety that the thought of a dentist or a treatment can cause in a person. The office is truly European in quality, quiet and intimate, the treatments are carried out in a good atmosphere, I feel safe because I know that I am in the best place. The small team at BelleDent is flexible and adaptable, both to time schedule, mood and personality. The service is therefore truly exclusive, and the end result speaks for itself, it is worth smiling to the world.<\/p><cite>T\u00edmea Erd\u00e9lyi<br><\/cite><\/blockquote>","protected":false},"excerpt":{"rendered":"<p>Maradjon meg ez a sz\u00ednvonal. J\u00f3l k\u00f6rbe n\u00e9ztem a k\u00f6rny\u00e9ken \u00e9s \u00f6r\u00fcl\u00f6k, hogy a fogszab\u00e1lyoz\u00e1somDr. V\u00f6lgyi Vir\u00e1gra b\u00edztam, nagyon kedves \u00e9s hozz\u00e1\u00e9rt\u0151, id\u0151pontokban is rugalmasak \u00e9s \u00e1rban is szerintem az egyik legjobbak. Nagyon kedves, ember k\u00f6zpont\u00fa az ell\u00e1t\u00e1s. Mindenk\u00e9pp aj\u00e1nlani tudom. Maxim\u00e1lisan el\u00e9gedettek vagyunk . Csak \u00edgy tov\u00e1bb! Miel\u0151tt belev\u00e1gtam a fogszab\u00e1lyz\u00e1s hossz\u00fa \u00e9s k\u00f6r\u00fclm\u00e9nyes<span class=\"post-excerpt-end\">&hellip;<\/span><\/p>\n<p class=\"more-link\"><a href=\"https:\/\/lathatatlanfogszabalyzo.hu\/new_site\/en\/rolunk-irtak\/\" class=\"themebutton\">Read More<\/a><\/p>","protected":false},"author":1,"featured_media":0,"parent":0,"menu_order":0,"comment_status":"closed","ping_status":"closed","template":"","meta":{"pagelayer_contact_templates":[],"_pagelayer_content":"","footnotes":""},"class_list":["post-64","page","type-page","status-publish","hentry"],"_links":{"self":[{"href":"https:\/\/lathatatlanfogszabalyzo.hu\/new_site\/en\/wp-json\/wp\/v2\/pages\/64","targetHints":{"allow":["GET"]}}],"collection":[{"href":"https:\/\/lathatatlanfogszabalyzo.hu\/new_site\/en\/wp-json\/wp\/v2\/pages"}],"about":[{"href":"https:\/\/lathatatlanfogszabalyzo.hu\/new_site\/en\/wp-json\/wp\/v2\/types\/page"}],"author":[{"embeddable":true,"href":"https:\/\/lathatatlanfogszabalyzo.hu\/new_site\/en\/wp-json\/wp\/v2\/users\/1"}],"replies":[{"embeddable":true,"href":"https:\/\/lathatatlanfogszabalyzo.hu\/new_site\/en\/wp-json\/wp\/v2\/comments?post=64"}],"version-history":[{"count":5,"href":"https:\/\/lathatatlanfogszabalyzo.hu\/new_site\/en\/wp-json\/wp\/v2\/pages\/64\/revisions"}],"predecessor-version":[{"id":504,"href":"https:\/\/lathatatlanfogszabalyzo.hu\/new_site\/en\/wp-json\/wp\/v2\/pages\/64\/revisions\/504"}],"wp:attachment":[{"href":"https:\/\/lathatatlanfogszabalyzo.hu\/new_site\/en\/wp-json\/wp\/v2\/media?parent=64"}],"curies":[{"name":"wp","href":"https:\/\/api.w.org\/{rel}","templated":true}]}}