{"id":54,"date":"2020-08-16T07:47:19","date_gmt":"2020-08-16T07:47:19","guid":{"rendered":"https:\/\/lathatatlanfogszabalyzo.hu\/new_site\/?page_id=54"},"modified":"2026-01-10T11:58:35","modified_gmt":"2026-01-10T11:58:35","slug":"rolunk","status":"publish","type":"page","link":"https:\/\/lathatatlanfogszabalyzo.hu\/new_site\/en\/rolunk\/","title":{"rendered":"Price list"},"content":{"rendered":"<p class=\"has-text-align-center\"> 2026. janu\u00e1r 1-t\u0151l \u00e9rv\u00e9nyes \u00e1raink <\/p>\n\n\n\n<h2 class=\"wp-block-heading\">Fogszab\u00e1lyoz\u00e1s<\/h2>\n\n\n\n<figure class=\"wp-block-table is-style-regular\"><table><tbody><tr><td class=\"has-text-align-left\" data-align=\"left\">First consultation<\/td><td class=\"has-text-align-right\" data-align=\"right\">Free<\/td><\/tr><tr><td class=\"has-text-align-left\" data-align=\"left\">M\u00e1sodik konzult\u00e1ci\u00f3, lenyomatv\u00e9tel<\/td><td class=\"has-text-align-right\" data-align=\"right\">125 EUR<\/td><\/tr><tr><td class=\"has-text-align-left\" data-align=\"left\">Harmadik konzult\u00e1ci\u00f3: Dokument\u00e1ci\u00f3, fot\u00f3z\u00e1s \u00e9s kezel\u00e9si terv megbesz\u00e9l\u00e9se<\/td><td class=\"has-text-align-right\" data-align=\"right\">35 000 HUF<\/td><\/tr><tr><td class=\"has-text-align-left\" data-align=\"left\">Removable devices<\/td><td class=\"has-text-align-right\" data-align=\"right\">200\u2013260 EUR<\/td><\/tr><\/tbody><\/table><\/figure>\n\n\n\n<h3 class=\"wp-block-heading\"><strong>Devices attached to the outer surface of the teeth<\/strong> (prices are for 1 dental arch)&nbsp;<\/h3>\n\n\n\n<figure class=\"wp-block-table\"><table><tbody><tr><td class=\"has-text-align-left\" data-align=\"left\">F\u00e9m r\u00f6gz\u00edtett k\u00e9sz\u00fcl\u00e9k<\/td><td class=\"has-text-align-right\" data-align=\"right\">&nbsp;500 EUR<\/td><\/tr><tr><td class=\"has-text-align-left\" data-align=\"left\">Ker\u00e1mia (feh\u00e9r, fogsz\u00edn\u0171)\u00a0r\u00f6gz\u00edtett k\u00e9sz\u00fcl\u00e9k<\/td><td class=\"has-text-align-right\" data-align=\"right\">280 000 HUF<\/td><\/tr><tr><td class=\"has-text-align-left\" data-align=\"left\"> feh\u00e9r \u00edv a porcel\u00e1n fogszab\u00e1lyz\u00f3hoz (\u00edvenk\u00e9nt)<\/td><td class=\"has-text-align-right\" data-align=\"right\">55 EUR<\/td><\/tr><tr><td class=\"has-text-align-left\" data-align=\"left\">Attaching fixed devices<\/td><td class=\"has-text-align-right\" data-align=\"right\">80 EUR<\/td><\/tr><tr><td class=\"has-text-align-left\" data-align=\"left\">Additional parts of fixed appliances (Goshgarian, palatal, lingual arch)<\/td><td class=\"has-text-align-right\" data-align=\"right\">130 EUR<\/td><\/tr><tr><td class=\"has-text-align-left\" data-align=\"left\">Ellen\u0151rz\u00e9s, ut\u00e1n-\u00e1ll\u00edt\u00e1s (havonta) 1 fog\u00edvre \u00e9s kivehet\u0151 k\u00e9sz\u00fcl\u00e9kekn\u00e9l<\/td><td class=\"has-text-align-right\" data-align=\"right\">30 000  HUF<\/td><\/tr><tr><td class=\"has-text-align-left\" data-align=\"left\">Ellen\u0151rz\u00e9s, ut\u00e1n-\u00e1ll\u00edt\u00e1s (havonta) 2 fog\u00edvre<\/td><td class=\"has-text-align-right\" data-align=\"right\">35 000  HUF<\/td><\/tr><\/tbody><\/table><\/figure>\n\n\n\n<h3 class=\"wp-block-heading has-vivid-red-color has-text-color\"><strong>Invisible braces<\/strong> (prices are for 1 dental arch)<\/h3>\n\n\n\n<figure class=\"wp-block-table\"><table><tbody><tr><td class=\"has-text-align-left\" data-align=\"left\"><strong><span class=\"has-inline-color has-vivid-red-color\">Invisible braces attached to the inner surface of the teeth&nbsp;<\/span><\/strong><\/td><td class=\"has-text-align-right\" data-align=\"right\"><strong><mark style=\"background-color:rgba(0, 0, 0, 0)\" class=\"has-inline-color has-vivid-red-color\">1 450 EUR<\/mark><\/strong><\/td><\/tr><tr><td class=\"has-text-align-left\" data-align=\"left\"><strong><span class=\"has-inline-color has-vivid-red-color\">Checking and adjusting invisible braces (every 6-8 weeks)<\/span><\/strong><\/td><td class=\"has-text-align-right\" data-align=\"right\"><strong><mark style=\"background-color:rgba(0, 0, 0, 0)\" class=\"has-inline-color has-vivid-red-color\">35 000 HUF<\/mark><\/strong><\/td><\/tr><tr><td class=\"has-text-align-left\" data-align=\"left\">El\u00e9rt \u00e1llapot r\u00f6gz\u00edt\u00e9se &#8211;  r\u00f6gz\u00edt\u0151  ( retainer ) felragaszt\u00e1sa ( mely t\u00f6bb \u00e9ven \u00e1t a fog\u00edven marad ) fog\u00edvenk\u00e9nt<\/td><td class=\"has-text-align-right\" data-align=\"right\">&nbsp;210 EUR<\/td><\/tr><tr><td class=\"has-text-align-left\" data-align=\"left\">A kezel\u00e9s befejez\u00e9se &#8211; fogszab\u00e1lyz\u00f3 k\u00e9sz\u00fcl\u00e9k elt\u00e1vol\u00edt\u00e1sa, pol\u00edroz\u00e1s, lenyomatv\u00e9tel, f\u00e9nyk\u00e9pes dokument\u00e1ci\u00f3 fog\u00edvenk\u00e9nt<\/td><td class=\"has-text-align-right\" data-align=\"right\">280 EUR<\/td><\/tr><tr><td class=\"has-text-align-left\" data-align=\"left\">Yearly checks after finishing the treatment<\/td><td class=\"has-text-align-right\" data-align=\"right\">25 EUR<\/td><\/tr><tr><td class=\"has-text-align-left\" data-align=\"left\">R\u00f6gz\u00edt\u0151 k\u00e9sz\u00fcl\u00e9k jav\u00edt\u00e1sa <\/td><td class=\"has-text-align-right\" data-align=\"right\">65 EUR<\/td><\/tr><\/tbody><\/table><\/figure>\n\n\n\n<h2 class=\"wp-block-heading\">Tooth-retaining treatments<\/h2>\n\n\n\n<figure class=\"wp-block-table\"><table><tbody><tr><td class=\"has-text-align-left\" data-align=\"left\">Filling of a baby tooth<\/td><td class=\"has-text-align-right\" data-align=\"right\">\u00a030\u00a0000 HUF\u00a0<\/td><\/tr><tr><td class=\"has-text-align-left\" data-align=\"left\">Groove sealing (preventive treatment of permanent teeth to prevent decay)<\/td><td class=\"has-text-align-right\" data-align=\"right\">\u00a030\u00a0000 HUF\u00a0<\/td><\/tr><tr><td class=\"has-text-align-left\" data-align=\"left\">Filling<\/td><td class=\"has-text-align-right\" data-align=\"right\">130 EUR<\/td><\/tr><\/tbody><\/table><\/figure>\n\n\n\n<h2 class=\"wp-block-heading\">&nbsp;Other treatments<\/h2>\n\n\n\n<figure class=\"wp-block-table\"><table><tbody><tr><td class=\"has-text-align-left\" data-align=\"left\">TAD ( ideiglenes fogszab\u00e1lyoz\u00e1si implant\u00e1tum) <\/td><td class=\"has-text-align-right\" data-align=\"right\">60 000 HUF<\/td><\/tr><tr><td class=\"has-text-align-left\" data-align=\"left\">Hibrid hyrax ( fels\u0151 fog\u00edv t\u00e1g\u00edt\u00f3 k\u00e9sz\u00fcl\u00e9k ) \u00e1ra a seb\u00e9szeti kezel\u00e9s n\u00e9lk\u00fcl<br> ( a seb\u00e9szeti beavatkoz\u00e1s \u00e1ra a beavatkoz\u00e1st v\u00e9gz\u0151 koll\u00e9g\u00e1nak fizetend\u0151, ezen \u00e1ron fel\u00fcl,ennek d\u00edja k\u00fcl\u00f6n ker\u00fcl meg\u00e1llap\u00edt\u00e1sra a seb\u00e9szeti beavatkoz\u00e1st v\u00e9gz\u0151 koll\u00e9ga \u00e1ltal )<\/td><td class=\"has-text-align-right\" data-align=\"right\">150 000 HUF<\/td><\/tr><tr><td class=\"has-text-align-left\" data-align=\"left\">Tooth removal<\/td><td class=\"has-text-align-right\" data-align=\"right\">&nbsp;55 EUR<\/td><\/tr><tr><td class=\"has-text-align-left\" data-align=\"left\">Tooth jewelry<\/td><td class=\"has-text-align-right\" data-align=\"right\">&nbsp;65 EUR<\/td><\/tr><tr><td class=\"has-text-align-left\" data-align=\"left\">Home teeth-whitening equipment (per arch)<\/td><td class=\"has-text-align-right\" data-align=\"right\">100 EUR<\/td><\/tr><tr><td class=\"has-text-align-left\" data-align=\"left\">Whitening of discolored teeth (\/occasion)<\/td><td class=\"has-text-align-right\" data-align=\"right\">65 EUR<\/td><\/tr><tr><td class=\"has-text-align-left\" data-align=\"left\">\u201cWhite spot\u201d treatment (per tooth)<\/td><td class=\"has-text-align-right\" data-align=\"right\">130 EUR<\/td><\/tr><tr><td class=\"has-text-align-left\" data-align=\"left\">Splint (protective splint for sports, anti-grinding splint, fixation splint)&nbsp;<\/td><td class=\"has-text-align-right\" data-align=\"right\">40\u00a0000 HUF<\/td><\/tr><\/tbody><\/table><\/figure>\n\n\n\n<h2 class=\"wp-block-heading\">Oral hygiene advice and treatment<\/h2>\n\n\n\n<figure class=\"wp-block-table\"><table><tbody><tr><td class=\"has-text-align-left\" data-align=\"left\">Fogk\u0151elt\u00e1vol\u00edt\u00e1s, fogpol\u00edroz\u00e1s.<\/td><td class=\"has-text-align-right\" data-align=\"right\">\u00a030\u00a0000HUF\u00a0<\/td><\/tr><\/tbody><\/table><\/figure>\n\n\n\n<p>Eg\u00e9szs\u00e9g\u00fcgyi dolgoz\u00f3knak 10 % kedvezm\u00e9ny j\u00e1r a k\u00e9sz\u00fcl\u00e9kek \u00e1r\u00e1b\u00f3l.<\/p>\n\n\n\n<p>Please note that the prices of individual treatment items in the unique, personalized treatment plan may vary slightly depending on the extent of the disorder!<\/p>\n\n\n\n<p>Dr. Vir\u00e1g Gabriella V\u00f6lgyi \u2013 Orthodontic specialist (+36-20\/972-41-16)<\/p>\n\n\n\n<p>Mrs. Zolt\u00e1nn\u00e9 Moln\u00e1r \u2013 Patient Rights Representative (+36-20\/489-95-52)<\/p>\n\n\n\n<p><\/p>","protected":false},"excerpt":{"rendered":"<p>2026. janu\u00e1r 1-t\u0151l \u00e9rv\u00e9nyes \u00e1raink Fogszab\u00e1lyoz\u00e1s Els\u0151 konzult\u00e1ci\u00f3 ingyenes M\u00e1sodik konzult\u00e1ci\u00f3, lenyomatv\u00e9tel 45 000 HUF Harmadik konzult\u00e1ci\u00f3: Dokument\u00e1ci\u00f3, fot\u00f3z\u00e1s \u00e9s kezel\u00e9si terv megbesz\u00e9l\u00e9se 35 000 HUF Kivehet\u0151 k\u00e9sz\u00fcl\u00e9kek 80 000 &#8211; 100 000 HUF A fogak k\u00fcls\u0151 felsz\u00edn\u00e9re r\u00f6gz\u00edtett k\u00e9sz\u00fcl\u00e9kek (az \u00e1r fog\u00edvenk\u00e9nt \u00e9rtend\u0151)&nbsp; F\u00e9m r\u00f6gz\u00edtett k\u00e9sz\u00fcl\u00e9k &nbsp;180&nbsp;000 HUF Ker\u00e1mia (feh\u00e9r, fogsz\u00edn\u0171)\u00a0r\u00f6gz\u00edtett k\u00e9sz\u00fcl\u00e9k 280 000<span class=\"post-excerpt-end\">&hellip;<\/span><\/p>\n<p class=\"more-link\"><a href=\"https:\/\/lathatatlanfogszabalyzo.hu\/new_site\/en\/rolunk\/\" class=\"themebutton\">Read More<\/a><\/p>","protected":false},"author":1,"featured_media":0,"parent":0,"menu_order":0,"comment_status":"closed","ping_status":"closed","template":"","meta":{"pagelayer_contact_templates":[],"_pagelayer_content":"","footnotes":""},"class_list":["post-54","page","type-page","status-publish","hentry"],"_links":{"self":[{"href":"https:\/\/lathatatlanfogszabalyzo.hu\/new_site\/en\/wp-json\/wp\/v2\/pages\/54","targetHints":{"allow":["GET"]}}],"collection":[{"href":"https:\/\/lathatatlanfogszabalyzo.hu\/new_site\/en\/wp-json\/wp\/v2\/pages"}],"about":[{"href":"https:\/\/lathatatlanfogszabalyzo.hu\/new_site\/en\/wp-json\/wp\/v2\/types\/page"}],"author":[{"embeddable":true,"href":"https:\/\/lathatatlanfogszabalyzo.hu\/new_site\/en\/wp-json\/wp\/v2\/users\/1"}],"replies":[{"embeddable":true,"href":"https:\/\/lathatatlanfogszabalyzo.hu\/new_site\/en\/wp-json\/wp\/v2\/comments?post=54"}],"version-history":[{"count":44,"href":"https:\/\/lathatatlanfogszabalyzo.hu\/new_site\/en\/wp-json\/wp\/v2\/pages\/54\/revisions"}],"predecessor-version":[{"id":573,"href":"https:\/\/lathatatlanfogszabalyzo.hu\/new_site\/en\/wp-json\/wp\/v2\/pages\/54\/revisions\/573"}],"wp:attachment":[{"href":"https:\/\/lathatatlanfogszabalyzo.hu\/new_site\/en\/wp-json\/wp\/v2\/media?parent=54"}],"curies":[{"name":"wp","href":"https:\/\/api.w.org\/{rel}","templated":true}]}}