{"id":51,"date":"2020-08-16T07:41:22","date_gmt":"2020-08-16T07:41:22","guid":{"rendered":"https:\/\/lathatatlanfogszabalyzo.hu\/new_site\/?page_id=51"},"modified":"2026-04-04T14:39:00","modified_gmt":"2026-04-04T14:39:00","slug":"lathatatlan-fogszabalyzo","status":"publish","type":"page","link":"https:\/\/lathatatlanfogszabalyzo.hu\/new_site\/en\/","title":{"rendered":""},"content":{"rendered":"<h2 class=\"wp-block-heading has-text-align-center\"><\/h2>\n\n\n\n<div class=\"wp-block-media-text alignwide is-stacked-on-mobile\" style=\"grid-template-columns:35% auto\"><figure class=\"wp-block-media-text__media\"><img loading=\"lazy\" decoding=\"async\" width=\"500\" height=\"500\" src=\"https:\/\/lathatatlanfogszabalyzo.hu\/new_site\/wp-content\/uploads\/2021\/03\/Fogorvos-log\u00f3-1.png\" alt=\"\" class=\"wp-image-170 size-full\" srcset=\"https:\/\/lathatatlanfogszabalyzo.hu\/new_site\/wp-content\/uploads\/2021\/03\/Fogorvos-log\u00f3-1.png 500w, https:\/\/lathatatlanfogszabalyzo.hu\/new_site\/wp-content\/uploads\/2021\/03\/Fogorvos-log\u00f3-1-300x300.png 300w, https:\/\/lathatatlanfogszabalyzo.hu\/new_site\/wp-content\/uploads\/2021\/03\/Fogorvos-log\u00f3-1-150x150.png 150w\" sizes=\"auto, (max-width: 500px) 100vw, 500px\" \/><\/figure><div class=\"wp-block-media-text__content\">\n<h2 class=\"wp-block-heading\"><strong>The real invisible braces<\/strong><\/h2>\n<\/div><\/div>\n\n\n\n<p><strong>Content<\/strong><\/p>\n\n\n\n<ul class=\"wp-block-list\">\n<li>How do the real ivisible braces work?<\/li>\n\n\n\n<li>How long is the treatment? What should I do to maintain the device?<\/li>\n\n\n\n<li>Who is the real invisible braces recommended for?<\/li>\n\n\n\n<li>Are there other types of aesthetic braces?<\/li>\n\n\n\n<li>Why should You choose us?<\/li>\n\n\n\n<li>Information about the steps and costs of invisible braces treatment<\/li>\n<\/ul>\n\n\n\n<p><\/p>\n\n\n\n<h3 class=\"wp-block-heading has-text-align-center\"><em><strong>One of the most modern orthodontic techniques of our time!<\/strong><\/em><\/h3>\n\n\n\n<p class=\"has-text-align-center has-vivid-red-color has-text-color\"><strong><span class=\"has-inline-color has-vivid-cyan-blue-color\">This type of braces is not only invisible to the outside world, but it also achieves the same results faster and with less pain than traditional braces.<\/span><\/strong><\/p>\n\n\n\n<p><\/p>\n\n\n\n<h2 class=\"wp-block-heading has-text-align-center\"><em>How do the real ivisible braces work?<\/em><\/h2>\n\n\n\n<p class=\"has-text-align-center\">There are several types of aesthetic braces, but not all of them are actually completely invisible! The ones we use, <span class=\"has-inline-color has-vivid-cyan-blue-color\"><strong>real invisible braces<\/strong>  <strong>a fixed appliance attached to the lingual side of the teeth, which is effective 24 hours a day<\/strong><\/span><strong><span class=\"has-inline-color has-vivid-cyan-blue-color\">t,<\/span><\/strong> therefore, it is more effective than braces conventional braces. <span class=\"has-inline-color has-very-dark-gray-color\">So only<\/span> the patient can see the continuous change in the position of their teeth \u2013 the device itself is \u201cinvisible\u201d from the outside. <\/p>\n\n\n\n<figure class=\"wp-block-image size-shuttle-column2-1\/2 is-resized\"><img loading=\"lazy\" decoding=\"async\" width=\"570\" height=\"285\" src=\"https:\/\/lathatatlanfogszabalyzo.hu\/new_site\/wp-content\/uploads\/2021\/04\/1.2-570x285.jpg\" alt=\"\" class=\"wp-image-229\" style=\"width:840px;height:auto\"\/><figcaption class=\"wp-element-caption\">Real invisible braces attached to the internal surface of the teeth<\/figcaption><\/figure>\n\n\n\n<p>The fixed orthodontic appliance<span class=\"has-inline-color has-vivid-cyan-blue-color\"> <strong>is made of metal, it is smaller than traditional braces, to improve comfort.<\/strong><\/span><\/p>\n\n\n\n<p><\/p>\n\n\n\n<h2 class=\"wp-block-heading has-text-align-center\"><em>How long is the treatment? What should I do to maintain the device?<\/em><\/h2>\n\n\n\n<p class=\"has-text-align-center\"><strong><span class=\"has-inline-color has-vivid-cyan-blue-color\">The duration of treatment - depending on the severity of the irregularity - can range from 2 months to 1.5 years.<\/span> &#8211; <\/strong>A few weeks are enough for a minor correction, while a more complex case - requiring tooth extraction - can take up to a year and a half to resolve. The treatment time is also influenced by how often we can re-adjust (activate) the device.<\/p>\n\n\n\n<p class=\"has-text-align-center\">After achieving the desired result<strong> <\/strong>the teeth must be fixed for a longer period of time with a retainer glued to the inner surface of the teeth. Skipping this step will result in the teeth moving back! <\/p>\n\n\n\n<p class=\"has-text-align-center\">As it is a fixed device <strong><span class=\"has-inline-color has-vivid-cyan-blue-color\">- except getting use to it during the first few days - the patient has no task with it.<\/span>,<\/strong> The adjustments are processed by the detinst every 6-8 weeks in the office.<\/p>\n\n\n\n<p class=\"has-text-align-center\">We can provide precise information about the total duration  and cost estimation of the treatmentduring the first consultation. <\/p>\n\n\n\n<p><\/p>\n\n\n\n<h2 class=\"wp-block-heading has-text-align-center\"><strong><em>Who is the real invisible braces recommended for?<\/em><\/strong><\/h2>\n\n\n\n<p class=\"has-text-align-center has-black-color has-text-color\">For those <strong><span class=\"has-inline-color has-vivid-cyan-blue-color\">who do not want the device to be visible to the outside world during orthodontic treatment.<\/span><\/strong>With a few exceptions, this technique can be used regardless of age.<\/p>\n\n\n\n<p class=\"has-text-align-center\"><\/p>\n\n\n\n<h3 class=\"wp-block-heading has-text-align-center\"><em>Are there other types of aesthetic braces?<\/em><\/h3>\n\n\n\n<p>There are two other types of aesthetic orthodontic techniques available currently\n:<\/p>\n\n\n\n<p>Braces <strong>k\u00fcls\u0151 felsz\u00edn\u00e9re r\u00f6gz\u00edtett<\/strong> <strong>feh\u00e9r sz\u00edn\u0171 ( ker\u00e1mia) \u00e1lland\u00f3 fogszab\u00e1lyz\u00f3<\/strong>:<\/p>\n\n\n\n<p>Ker\u00e1mia &#8222;tappancsok&#8221; feh\u00e9r sz\u00edn\u0171 \u00edvekkel kev\u00e9sb\u00e9 l\u00e1that\u00f3, mint a f\u00e9msz\u00edn\u0171 k\u00e9sz\u00fcl\u00e9k, a kezel\u00e9s bizonyos f\u00e1zisaiban azonban sor ker\u00fclhet f\u00e9msz\u00edn\u0171 alkatr\u00e9szek haszn\u00e1lat\u00e1ra, az \u00e9telek, doh\u00e1nyz\u00e1s a k\u00e9sz\u00fcl\u00e9k bizonyos r\u00e9szeit elsz\u00ednezhetik.<\/p>\n\n\n<div class=\"wp-block-image is-resized\">\n<figure class=\"aligncenter size-shuttle-column2-1\/2\"><img loading=\"lazy\" decoding=\"async\" width=\"570\" height=\"285\" src=\"https:\/\/lathatatlanfogszabalyzo.hu\/new_site\/wp-content\/uploads\/2021\/05\/porcelan-fogszabalyzo-570x285.jpg\" alt=\"\" class=\"wp-image-366\"\/><figcaption class=\"wp-element-caption\">Traditional white and metallic fixed braces<\/figcaption><\/figure>\n<\/div>\n\n\n<p>Transparent <strong>nem r\u00f6gz\u00edtett \u2013 \u00e1tl\u00e1tsz\u00f3 s\u00ednes &#8211; fogszab\u00e1lyz\u00f3<\/strong>: b\u00e1r val\u00f3ban kev\u00e9sb\u00e9 l\u00e1that\u00f3 a k\u00fclvil\u00e1g sz\u00e1m\u00e1ra mint a hagyom\u00e1nyos , a fogak k\u00fcls\u0151 felsz\u00edn\u00e9re r\u00f6gz\u00edtett f\u00e9m- vagy ker\u00e1mia fogszab\u00e1lyoz\u00f3 k\u00e9sz\u00fcl\u00e9kek, \u00e1m nem mindig viselhetj\u00fck azt, mert ev\u00e9sn\u00e9l \u00e9s a fogak tiszt\u00edt\u00e1s\u00e1n\u00e1l az eszk\u00f6zt el kell t\u00e1vol\u00edtani. Ezeket a s\u00edneket napi 22 \u00f3r\u00e1n kereszt\u00fcl sz\u00fcks\u00e9ges viselni, hogy m\u0171k\u00f6djenek. El\u0151nye, hogy  a kezel\u00e9s f\u00e1zisai demonstr\u00e1lhat\u00f3ak a p\u00e1ciens sz\u00e1m\u00e1ra egy virtu\u00e1lis grafikus kezel\u00e9si  filmben, mely egy\u00fattal a laborat\u00f3riumi f\u00e1zisokat mutatja be. Nem minden kezel\u00e9s oldhat\u00f3 meg vele, de kezel\u00e9si tervezet k\u00e9sz\u00fcl, mellyel bemutathat\u00f3 a v\u00e1ltoz\u00e1s a fogak elhelyezked\u00e9s\u00e9ben,  melyet a p\u00e1ciens megn\u00e9zhet , a terv elfogad\u00e1s\u00e1val pedig kezd\u0151dik a s\u00ednek gy\u00e1rt\u00e1sa.<\/p>\n\n\n<div class=\"wp-block-image is-resized\">\n<figure class=\"aligncenter size-shuttle-column2-1\/2\"><img loading=\"lazy\" decoding=\"async\" width=\"570\" height=\"285\" src=\"https:\/\/lathatatlanfogszabalyzo.hu\/new_site\/wp-content\/uploads\/2021\/05\/diana-polekhina-fmB7IdFjhTM-unsplash-570x285.jpg\" alt=\"\" class=\"wp-image-321\"\/><figcaption class=\"wp-element-caption\">Transparent splint-braces<\/figcaption><\/figure>\n<\/div>\n\n\n<h2 class=\"wp-block-heading has-text-align-center\"><strong><em>Why should You choose us?<\/em><\/strong><\/h2>\n\n\n\n<p class=\"has-text-align-center translation-block\">The use of inline (invisible) braces attached to the inner arch of the teeth requires special knowledge and experience. <strong><span class=\"has-inline-color has-vivid-cyan-blue-color\"> I started using this braces technique 20 years ago, so I have performed the most treatments of this type in Hungary.<\/span><\/strong><\/p>\n\n\n\n<p class=\"has-text-align-center\">I hope we have piqued your interest and we can meet you in person soon!<\/p>\n\n\n\n<h2 class=\"wp-block-heading has-text-align-center\"><em>Information about the steps and costs of invisible braces treatment<\/em><\/h2>\n\n\n\n<p>Steps of the process:<\/p>\n\n\n\n<ol class=\"wp-block-list\">\n<li><strong>First<\/strong> <strong>consultation <\/strong>(free of charge)<\/li>\n\n\n\n<li><strong>Second consultation<\/strong>:  lenyomatv\u00e9tel \u00e9s dokument\u00e1ci\u00f3 (45.000 Ft)<\/li>\n\n\n\n<li><strong>Third consultation<\/strong>: Kezel\u00e9si terv megbesz\u00e9l\u00e9se, elfogad\u00e1sa,   ( 35 000 Ft ) dokument\u00e1ci\u00f3, ekkor sz\u00fcks\u00e9ges a k\u00e9sz\u00fcl\u00e9ket leel\u0151legezni 100 000 Ft fizet\u00e9s\u00e9vel.<\/li>\n\n\n\n<li>a fogszab\u00e1lyz\u00f3 beragaszt\u00e1sa  a k\u00e9sz\u00fcl\u00e9k \u00e1r\u00e1nak teljes kifizet\u00e9s\u00e9vel ( 450 000 Ft )<\/li>\n\n\n\n<li><strong>Regular checks<\/strong>: device adjustment approximately every 6-8 weeks (30.000 HUF\/consultation)<\/li>\n\n\n\n<li><strong>End of treatment<\/strong>: az el\u00e9rt \u00e1llapot r\u00f6gz\u00edt\u00e9se (90.000 Ft)<\/li>\n\n\n\n<li>Ha az \u00e9ves ellen\u0151rz\u00e9sn\u00e9l  sz\u00fcks\u00e9ges a r\u00f6gz\u00edt\u0151k\u00e9sz\u00fcl\u00e9k jav\u00edt\u00e1sa   (25.000 Ft)<\/li>\n<\/ol>\n\n\n\n<p>The duration of the treatment can vary from a few months up to 1,5 years - based on the level of the irregularity. <strong>&#8211; <\/strong>a szab\u00e1lytalans\u00e1g s\u00falyoss\u00e1g\u00e1t\u00f3l f\u00fcgg\u0151en.<\/p>\n\n\n\n<p><\/p>\n\n\n\n<p><\/p>\n\n\n\n<h2 class=\"wp-block-heading\"><\/h2>\n\n\n\n<p>Dr. Vir\u00e1g Gabriella V\u00f6lgyi<\/p>\n\n\n\n<p>Orthodontist, dentist<\/p>\n\n\n\n<figure class=\"wp-block-image size-large is-resized\"><img loading=\"lazy\" decoding=\"async\" width=\"450\" height=\"168\" src=\"https:\/\/lathatatlanfogszabalyzo.hu\/new_site\/wp-content\/uploads\/2020\/08\/AAO-logo-member-s.jpg\" alt=\"\" class=\"wp-image-52\" style=\"width:225px;height:84px\" srcset=\"https:\/\/lathatatlanfogszabalyzo.hu\/new_site\/wp-content\/uploads\/2020\/08\/AAO-logo-member-s.jpg 450w, https:\/\/lathatatlanfogszabalyzo.hu\/new_site\/wp-content\/uploads\/2020\/08\/AAO-logo-member-s-300x112.jpg 300w, https:\/\/lathatatlanfogszabalyzo.hu\/new_site\/wp-content\/uploads\/2020\/08\/AAO-logo-member-s-230x86.jpg 230w\" sizes=\"auto, (max-width: 450px) 100vw, 450px\" \/><\/figure>\n\n\n\n<p><a href=\"mailto:belsofogszabalyzo@gmail.com\">volgyivirag19@gmail.com<\/a><\/p>\n\n\n\n<p>+36-20\/972-4116<\/p>\n\n\n\n<p>Contact us on&nbsp;<a href=\"https:\/\/www.facebook.com\/lfogszabalyzo\">on Facebook<\/a><\/p>","protected":false},"excerpt":{"rendered":"<p>A Val\u00f3di L\u00e1thatatlan Fogszab\u00e1lyz\u00f3 Oldal tartalma: Napjaink egyik legkorszer\u0171bb fogszab\u00e1lyz\u00e1si technik\u00e1ja! Ez a t\u00edpus\u00fa fogszab\u00e1lyz\u00f3 nemcsak hogy nem l\u00e1that\u00f3 a k\u00fclvil\u00e1g sz\u00e1m\u00e1ra, de a hagyom\u00e1nyoshoz k\u00e9pest gyorsabban, kevesebb f\u00e1jdalommal \u00e9ri el ugyanazt az eredm\u00e9nyt. Hogyan m\u0171k\u00f6dik a val\u00f3di l\u00e1thatatlan fogszab\u00e1lyz\u00e1s? T\u00f6bb fajta eszt\u00e9tikus fogszab\u00e1lyz\u00f3 l\u00e9tezik, \u00e1m val\u00f3j\u00e1ban nem mindegyik teljesen l\u00e1thatatlan! Az \u00e1ltalunk alkalmazott, val\u00f3di<span class=\"post-excerpt-end\">&hellip;<\/span><\/p>\n<p class=\"more-link\"><a href=\"https:\/\/lathatatlanfogszabalyzo.hu\/new_site\/en\/\" class=\"themebutton\">Read More<\/a><\/p>","protected":false},"author":1,"featured_media":0,"parent":0,"menu_order":0,"comment_status":"closed","ping_status":"closed","template":"","meta":{"pagelayer_contact_templates":[],"_pagelayer_content":"","footnotes":""},"class_list":["post-51","page","type-page","status-publish","hentry"],"_links":{"self":[{"href":"https:\/\/lathatatlanfogszabalyzo.hu\/new_site\/en\/wp-json\/wp\/v2\/pages\/51","targetHints":{"allow":["GET"]}}],"collection":[{"href":"https:\/\/lathatatlanfogszabalyzo.hu\/new_site\/en\/wp-json\/wp\/v2\/pages"}],"about":[{"href":"https:\/\/lathatatlanfogszabalyzo.hu\/new_site\/en\/wp-json\/wp\/v2\/types\/page"}],"author":[{"embeddable":true,"href":"https:\/\/lathatatlanfogszabalyzo.hu\/new_site\/en\/wp-json\/wp\/v2\/users\/1"}],"replies":[{"embeddable":true,"href":"https:\/\/lathatatlanfogszabalyzo.hu\/new_site\/en\/wp-json\/wp\/v2\/comments?post=51"}],"version-history":[{"count":51,"href":"https:\/\/lathatatlanfogszabalyzo.hu\/new_site\/en\/wp-json\/wp\/v2\/pages\/51\/revisions"}],"predecessor-version":[{"id":585,"href":"https:\/\/lathatatlanfogszabalyzo.hu\/new_site\/en\/wp-json\/wp\/v2\/pages\/51\/revisions\/585"}],"wp:attachment":[{"href":"https:\/\/lathatatlanfogszabalyzo.hu\/new_site\/en\/wp-json\/wp\/v2\/media?parent=51"}],"curies":[{"name":"wp","href":"https:\/\/api.w.org\/{rel}","templated":true}]}}