{"id":142,"date":"2021-03-06T17:10:36","date_gmt":"2021-03-06T17:10:36","guid":{"rendered":"https:\/\/lathatatlanfogszabalyzo.hu\/new_site\/?page_id=142"},"modified":"2025-08-04T10:40:22","modified_gmt":"2025-08-04T10:40:22","slug":"kapcsolat","status":"publish","type":"page","link":"https:\/\/lathatatlanfogszabalyzo.hu\/new_site\/en\/kapcsolat\/","title":{"rendered":"Contact Us"},"content":{"rendered":"<h3 class=\"wp-block-heading has-text-align-left\">ADDRESS<\/h3>\n\n\n\n<p class=\"has-text-align-left\">2890 Tata, R\u00e1k\u00f3czi u. 6  HUNGARY<\/p>\n\n\n\n<div class=\"wp-block-group\"><div class=\"wp-block-group__inner-container is-layout-flow wp-block-group-is-layout-flow\">\n<div class=\"wp-block-group\"><div class=\"wp-block-group__inner-container is-layout-flow wp-block-group-is-layout-flow\">\n<iframe src=\"https:\/\/www.google.com\/maps\/embed?pb=!1m23!1m12!1m3!1d86017.49413870672!2d18.244930370621017!3d47.64465948651778!2m3!1f0!2f0!3f0!3m2!1i1024!2i768!4f13.1!4m8!3e0!4m0!4m5!1s0x476a45e216194ca3%3A0x88b040a295d9a653!2zUsOha8OzY3ppIHUuIDYsIFRhdGEsIDI4OTAgTWFneWFyb3JzesOhZw!3m2!1d47.644680799999996!2d18.314970199999998!5e0!3m2!1shu!2sde!4v1643200475293!5m2!1shu!2sde\" width=\"600\" height=\"450\" style=\"border:0;\" allowfullscreen=\"\" loading=\"lazy\"><\/iframe>\n<\/div><\/div>\n<\/div><\/div>\n\n\n\n<h3 class=\"wp-block-heading has-text-align-left\">Contact information<\/h3>\n\n\n\n<p><strong>E-mail<\/strong>:\u00a0<a href=\"mailto:belledent@freemail.hu\"><a href=\"mailto:belsofogszabalyzo@gmail.com\">volgyivirag19@gmail.com<\/a><\/a><\/p>\n\n\n\n<p><strong>Phone<\/strong>:<\/p>\n\n\n\n<p><strong>Dr. Vir\u00e1g Gabriella V\u00f6lgyi<\/strong> \u2013 Orthodontist, dentist (+36-20\/972-41-16)<\/p>\n\n\n\n<div class=\"wp-block-group\"><div class=\"wp-block-group__inner-container is-layout-flow wp-block-group-is-layout-flow\">\n<div class=\"wp-block-columns is-layout-flex wp-container-core-columns-is-layout-9d6595d7 wp-block-columns-is-layout-flex\">\n<div class=\"wp-block-column is-layout-flow wp-block-column-is-layout-flow\" style=\"flex-basis:100%\">\n<figure class=\"wp-block-gallery has-nested-images columns-default is-cropped wp-block-gallery-1 is-layout-flex wp-block-gallery-is-layout-flex\">\n<figure class=\"wp-block-image size-large\"><img loading=\"lazy\" decoding=\"async\" width=\"768\" height=\"1024\" data-id=\"499\" src=\"https:\/\/lathatatlanfogszabalyzo.hu\/new_site\/wp-content\/uploads\/2022\/10\/311716474_111068195116721_3984561986527932229_n-2-768x1024.jpg\" alt=\"\" class=\"wp-image-499\" srcset=\"https:\/\/lathatatlanfogszabalyzo.hu\/new_site\/wp-content\/uploads\/2022\/10\/311716474_111068195116721_3984561986527932229_n-2-768x1024.jpg 768w, https:\/\/lathatatlanfogszabalyzo.hu\/new_site\/wp-content\/uploads\/2022\/10\/311716474_111068195116721_3984561986527932229_n-2-225x300.jpg 225w, https:\/\/lathatatlanfogszabalyzo.hu\/new_site\/wp-content\/uploads\/2022\/10\/311716474_111068195116721_3984561986527932229_n-2-1152x1536.jpg 1152w, https:\/\/lathatatlanfogszabalyzo.hu\/new_site\/wp-content\/uploads\/2022\/10\/311716474_111068195116721_3984561986527932229_n-2-9x12.jpg 9w, https:\/\/lathatatlanfogszabalyzo.hu\/new_site\/wp-content\/uploads\/2022\/10\/311716474_111068195116721_3984561986527932229_n-2.jpg 1536w\" sizes=\"auto, (max-width: 768px) 100vw, 768px\" \/><\/figure>\n\n\n\n<figure class=\"wp-block-image size-large\"><img loading=\"lazy\" decoding=\"async\" width=\"2048\" height=\"1536\" data-id=\"500\" src=\"https:\/\/lathatatlanfogszabalyzo.hu\/new_site\/wp-content\/uploads\/2022\/10\/311371935_111068208450053_4420012199236669807_n-1.jpg\" alt=\"\" class=\"wp-image-500\" srcset=\"https:\/\/lathatatlanfogszabalyzo.hu\/new_site\/wp-content\/uploads\/2022\/10\/311371935_111068208450053_4420012199236669807_n-1.jpg 2048w, https:\/\/lathatatlanfogszabalyzo.hu\/new_site\/wp-content\/uploads\/2022\/10\/311371935_111068208450053_4420012199236669807_n-1-300x225.jpg 300w, https:\/\/lathatatlanfogszabalyzo.hu\/new_site\/wp-content\/uploads\/2022\/10\/311371935_111068208450053_4420012199236669807_n-1-1024x768.jpg 1024w, https:\/\/lathatatlanfogszabalyzo.hu\/new_site\/wp-content\/uploads\/2022\/10\/311371935_111068208450053_4420012199236669807_n-1-768x576.jpg 768w, https:\/\/lathatatlanfogszabalyzo.hu\/new_site\/wp-content\/uploads\/2022\/10\/311371935_111068208450053_4420012199236669807_n-1-1536x1152.jpg 1536w, https:\/\/lathatatlanfogszabalyzo.hu\/new_site\/wp-content\/uploads\/2022\/10\/311371935_111068208450053_4420012199236669807_n-1-16x12.jpg 16w\" sizes=\"auto, (max-width: 2048px) 100vw, 2048px\" \/><\/figure>\n\n\n\n<figure class=\"wp-block-image size-large\"><img loading=\"lazy\" decoding=\"async\" width=\"1242\" height=\"1656\" data-id=\"501\" src=\"https:\/\/lathatatlanfogszabalyzo.hu\/new_site\/wp-content\/uploads\/2022\/10\/311337640_111067235116817_2471766110244851004_n.jpg\" alt=\"\" class=\"wp-image-501\" srcset=\"https:\/\/lathatatlanfogszabalyzo.hu\/new_site\/wp-content\/uploads\/2022\/10\/311337640_111067235116817_2471766110244851004_n.jpg 1242w, https:\/\/lathatatlanfogszabalyzo.hu\/new_site\/wp-content\/uploads\/2022\/10\/311337640_111067235116817_2471766110244851004_n-225x300.jpg 225w, https:\/\/lathatatlanfogszabalyzo.hu\/new_site\/wp-content\/uploads\/2022\/10\/311337640_111067235116817_2471766110244851004_n-768x1024.jpg 768w, https:\/\/lathatatlanfogszabalyzo.hu\/new_site\/wp-content\/uploads\/2022\/10\/311337640_111067235116817_2471766110244851004_n-1152x1536.jpg 1152w, https:\/\/lathatatlanfogszabalyzo.hu\/new_site\/wp-content\/uploads\/2022\/10\/311337640_111067235116817_2471766110244851004_n-9x12.jpg 9w\" sizes=\"auto, (max-width: 1242px) 100vw, 1242px\" \/><\/figure>\n<\/figure>\n<\/div>\n<\/div>\n<\/div><\/div>\n\n\n\n<p><\/p>","protected":false},"excerpt":{"rendered":"<p>C\u00cdM 2890 Tata, R\u00e1k\u00f3czi u. 6 HUNGARY El\u00e9rhet\u0151s\u00e9g E-mail:\u00a0volgyivirag19@gmail.com Telefon: Dr. V\u00f6lgyi Vir\u00e1g Gabriella &#8211; Fogszab\u00e1lyoz\u00f3 fogszakorvos (+36-20\/972-41-16)<\/p>","protected":false},"author":1,"featured_media":0,"parent":0,"menu_order":0,"comment_status":"closed","ping_status":"closed","template":"","meta":{"pagelayer_contact_templates":[],"_pagelayer_content":"","footnotes":""},"class_list":["post-142","page","type-page","status-publish","hentry"],"_links":{"self":[{"href":"https:\/\/lathatatlanfogszabalyzo.hu\/new_site\/en\/wp-json\/wp\/v2\/pages\/142","targetHints":{"allow":["GET"]}}],"collection":[{"href":"https:\/\/lathatatlanfogszabalyzo.hu\/new_site\/en\/wp-json\/wp\/v2\/pages"}],"about":[{"href":"https:\/\/lathatatlanfogszabalyzo.hu\/new_site\/en\/wp-json\/wp\/v2\/types\/page"}],"author":[{"embeddable":true,"href":"https:\/\/lathatatlanfogszabalyzo.hu\/new_site\/en\/wp-json\/wp\/v2\/users\/1"}],"replies":[{"embeddable":true,"href":"https:\/\/lathatatlanfogszabalyzo.hu\/new_site\/en\/wp-json\/wp\/v2\/comments?post=142"}],"version-history":[{"count":20,"href":"https:\/\/lathatatlanfogszabalyzo.hu\/new_site\/en\/wp-json\/wp\/v2\/pages\/142\/revisions"}],"predecessor-version":[{"id":555,"href":"https:\/\/lathatatlanfogszabalyzo.hu\/new_site\/en\/wp-json\/wp\/v2\/pages\/142\/revisions\/555"}],"wp:attachment":[{"href":"https:\/\/lathatatlanfogszabalyzo.hu\/new_site\/en\/wp-json\/wp\/v2\/media?parent=142"}],"curies":[{"name":"wp","href":"https:\/\/api.w.org\/{rel}","templated":true}]}}